{"id":1786,"date":"2019-02-17T22:47:18","date_gmt":"2019-02-17T22:47:18","guid":{"rendered":"http:\/\/dev.phimeca.com\/conception-dimensionnement\/"},"modified":"2021-01-28T10:58:38","modified_gmt":"2021-01-28T10:58:38","slug":"design","status":"publish","type":"page","link":"https:\/\/dev.phimeca.com\/en\/design\/","title":{"rendered":"Design"},"content":{"rendered":"<p>Ceci est l&#8217;excerpt de page de &#8220;Conception &amp; Dimensionnement&#8221; du site Phimeca. Pour montrer que la chaine de caract\u00e8res est cropp\u00e9e au del\u00e0 de 150 caract\u00e8res, nous mettons volontairement beaucoup de texte, ce qui est long et fastidieux, mais n\u00e9cessaire pour r\u00e9aliser des tests grandeur nature.<\/p>\n<div id=\"sconnect-is-installed\" style=\"display: none;\"><\/div>\n<div id=\"sconnect-is-installed\" style=\"display: none;\"><\/div>\n","protected":false},"excerpt":{"rendered":"<p>Ceci est l&#8217;excerpt de page de &#8220;Conception &amp; Dimensionnement&#8221; du site Phimeca. Pour montrer que la chaine de caract\u00e8res est cropp\u00e9e au del\u00e0 de 150 caract\u00e8res, nous mettons volontairement beaucoup de texte, ce qui est long et fastidieux, mais n\u00e9cessaire pour r\u00e9aliser des tests grandeur nature.<\/p>\n","protected":false},"author":1,"featured_media":0,"parent":0,"menu_order":0,"comment_status":"closed","ping_status":"closed","template":"pages\/phimeca-carrefour.php","meta":{"_starter_page_template":""},"acf":{"section_title":"","title":"","main_description":"","link":null,"background_description":"","img":null,"display_mode":"left-visual"},"yoast_head":"<!-- This site is optimized with the Yoast SEO plugin v19.11 - https:\/\/yoast.com\/wordpress\/plugins\/seo\/ -->\n<title>Design - PHIMECA Engineering<\/title>\n<meta name=\"robots\" content=\"noindex, follow, max-snippet:-1, max-image-preview:large, max-video-preview:-1\" \/>\n<meta property=\"og:locale\" content=\"en_US\" \/>\n<meta property=\"og:type\" content=\"article\" \/>\n<meta property=\"og:title\" content=\"Design - PHIMECA Engineering\" \/>\n<meta property=\"og:description\" content=\"Ceci est l&#8217;excerpt de page de &#8220;Conception &amp; Dimensionnement&#8221; du site Phimeca. Pour montrer que la chaine de caract\u00e8res est cropp\u00e9e au del\u00e0 de 150 caract\u00e8res, nous mettons volontairement beaucoup de texte, ce qui est long et fastidieux, mais n\u00e9cessaire pour r\u00e9aliser des tests grandeur nature.\" \/>\n<meta property=\"og:url\" content=\"https:\/\/dev.phimeca.com\/en\/design\/\" \/>\n<meta property=\"og:site_name\" content=\"PHIMECA Engineering\" \/>\n<meta property=\"article:modified_time\" content=\"2021-01-28T10:58:38+00:00\" \/>\n<meta name=\"twitter:card\" content=\"summary_large_image\" \/>\n<script type=\"application\/ld+json\" class=\"yoast-schema-graph\">{\"@context\":\"https:\/\/schema.org\",\"@graph\":[{\"@type\":\"WebPage\",\"@id\":\"https:\/\/dev.phimeca.com\/en\/design\/\",\"url\":\"https:\/\/dev.phimeca.com\/en\/design\/\",\"name\":\"Design - PHIMECA Engineering\",\"isPartOf\":{\"@id\":\"https:\/\/dev.phimeca.com\/#website\"},\"datePublished\":\"2019-02-17T22:47:18+00:00\",\"dateModified\":\"2021-01-28T10:58:38+00:00\",\"breadcrumb\":{\"@id\":\"https:\/\/dev.phimeca.com\/en\/design\/#breadcrumb\"},\"inLanguage\":\"en-US\",\"potentialAction\":[{\"@type\":\"ReadAction\",\"target\":[\"https:\/\/dev.phimeca.com\/en\/design\/\"]}]},{\"@type\":\"BreadcrumbList\",\"@id\":\"https:\/\/dev.phimeca.com\/en\/design\/#breadcrumb\",\"itemListElement\":[{\"@type\":\"ListItem\",\"position\":1,\"name\":\"Accueil\",\"item\":\"https:\/\/dev.phimeca.com\/en\/\"},{\"@type\":\"ListItem\",\"position\":2,\"name\":\"Design\"}]},{\"@type\":\"WebSite\",\"@id\":\"https:\/\/dev.phimeca.com\/#website\",\"url\":\"https:\/\/dev.phimeca.com\/\",\"name\":\"PHIMECA Engineering\",\"description\":\"\",\"publisher\":{\"@id\":\"https:\/\/dev.phimeca.com\/#organization\"},\"potentialAction\":[{\"@type\":\"SearchAction\",\"target\":{\"@type\":\"EntryPoint\",\"urlTemplate\":\"https:\/\/dev.phimeca.com\/?s={search_term_string}\"},\"query-input\":\"required name=search_term_string\"}],\"inLanguage\":\"en-US\"},{\"@type\":\"Organization\",\"@id\":\"https:\/\/dev.phimeca.com\/#organization\",\"name\":\"PHIMECA\",\"url\":\"https:\/\/dev.phimeca.com\/\",\"logo\":{\"@type\":\"ImageObject\",\"inLanguage\":\"en-US\",\"@id\":\"https:\/\/dev.phimeca.com\/#\/schema\/logo\/image\/\",\"url\":\"http:\/\/dev.phimeca.com\/wp-content\/uploads\/2020\/03\/logo-phimeca-baseline-right-en-rgb.png\",\"contentUrl\":\"http:\/\/dev.phimeca.com\/wp-content\/uploads\/2020\/03\/logo-phimeca-baseline-right-en-rgb.png\",\"width\":732,\"height\":435,\"caption\":\"PHIMECA\"},\"image\":{\"@id\":\"https:\/\/dev.phimeca.com\/#\/schema\/logo\/image\/\"}}]}<\/script>\n<!-- \/ Yoast SEO plugin. -->","yoast_head_json":{"title":"Design - PHIMECA Engineering","robots":{"index":"noindex","follow":"follow","max-snippet":"max-snippet:-1","max-image-preview":"max-image-preview:large","max-video-preview":"max-video-preview:-1"},"og_locale":"en_US","og_type":"article","og_title":"Design - PHIMECA Engineering","og_description":"Ceci est l&#8217;excerpt de page de &#8220;Conception &amp; Dimensionnement&#8221; du site Phimeca. Pour montrer que la chaine de caract\u00e8res est cropp\u00e9e au del\u00e0 de 150 caract\u00e8res, nous mettons volontairement beaucoup de texte, ce qui est long et fastidieux, mais n\u00e9cessaire pour r\u00e9aliser des tests grandeur nature.","og_url":"https:\/\/dev.phimeca.com\/en\/design\/","og_site_name":"PHIMECA Engineering","article_modified_time":"2021-01-28T10:58:38+00:00","twitter_card":"summary_large_image","schema":{"@context":"https:\/\/schema.org","@graph":[{"@type":"WebPage","@id":"https:\/\/dev.phimeca.com\/en\/design\/","url":"https:\/\/dev.phimeca.com\/en\/design\/","name":"Design - PHIMECA Engineering","isPartOf":{"@id":"https:\/\/dev.phimeca.com\/#website"},"datePublished":"2019-02-17T22:47:18+00:00","dateModified":"2021-01-28T10:58:38+00:00","breadcrumb":{"@id":"https:\/\/dev.phimeca.com\/en\/design\/#breadcrumb"},"inLanguage":"en-US","potentialAction":[{"@type":"ReadAction","target":["https:\/\/dev.phimeca.com\/en\/design\/"]}]},{"@type":"BreadcrumbList","@id":"https:\/\/dev.phimeca.com\/en\/design\/#breadcrumb","itemListElement":[{"@type":"ListItem","position":1,"name":"Accueil","item":"https:\/\/dev.phimeca.com\/en\/"},{"@type":"ListItem","position":2,"name":"Design"}]},{"@type":"WebSite","@id":"https:\/\/dev.phimeca.com\/#website","url":"https:\/\/dev.phimeca.com\/","name":"PHIMECA Engineering","description":"","publisher":{"@id":"https:\/\/dev.phimeca.com\/#organization"},"potentialAction":[{"@type":"SearchAction","target":{"@type":"EntryPoint","urlTemplate":"https:\/\/dev.phimeca.com\/?s={search_term_string}"},"query-input":"required name=search_term_string"}],"inLanguage":"en-US"},{"@type":"Organization","@id":"https:\/\/dev.phimeca.com\/#organization","name":"PHIMECA","url":"https:\/\/dev.phimeca.com\/","logo":{"@type":"ImageObject","inLanguage":"en-US","@id":"https:\/\/dev.phimeca.com\/#\/schema\/logo\/image\/","url":"http:\/\/dev.phimeca.com\/wp-content\/uploads\/2020\/03\/logo-phimeca-baseline-right-en-rgb.png","contentUrl":"http:\/\/dev.phimeca.com\/wp-content\/uploads\/2020\/03\/logo-phimeca-baseline-right-en-rgb.png","width":732,"height":435,"caption":"PHIMECA"},"image":{"@id":"https:\/\/dev.phimeca.com\/#\/schema\/logo\/image\/"}}]}},"_links":{"self":[{"href":"https:\/\/dev.phimeca.com\/en\/wp-json\/wp\/v2\/pages\/1786"}],"collection":[{"href":"https:\/\/dev.phimeca.com\/en\/wp-json\/wp\/v2\/pages"}],"about":[{"href":"https:\/\/dev.phimeca.com\/en\/wp-json\/wp\/v2\/types\/page"}],"author":[{"embeddable":true,"href":"https:\/\/dev.phimeca.com\/en\/wp-json\/wp\/v2\/users\/1"}],"replies":[{"embeddable":true,"href":"https:\/\/dev.phimeca.com\/en\/wp-json\/wp\/v2\/comments?post=1786"}],"version-history":[{"count":5,"href":"https:\/\/dev.phimeca.com\/en\/wp-json\/wp\/v2\/pages\/1786\/revisions"}],"predecessor-version":[{"id":3363,"href":"https:\/\/dev.phimeca.com\/en\/wp-json\/wp\/v2\/pages\/1786\/revisions\/3363"}],"wp:attachment":[{"href":"https:\/\/dev.phimeca.com\/en\/wp-json\/wp\/v2\/media?parent=1786"}],"curies":[{"name":"wp","href":"https:\/\/api.w.org\/{rel}","templated":true}]}}